{"id":5,"date":"2025-10-17T21:29:33","date_gmt":"2025-10-17T19:29:33","guid":{"rendered":"https:\/\/kappa.enymserver.de\/?page_id=5"},"modified":"2025-10-24T11:20:38","modified_gmt":"2025-10-24T09:20:38","slug":"impressum","status":"publish","type":"page","link":"https:\/\/www.schueberl-consulting.com\/en\/impressum\/","title":{"rendered":"Imprint"},"content":{"rendered":"<p>Information according to \u00a7 5 DDG:<\/p>\n\t\t\t\t\t<p><br><\/p>\n\t\t\t\t\t<h2 class=\"wp-block-heading\">Liability for content<\/h2>\n\t\t\t\t\t<p>The free and publicly accessible content on this website has been created with the greatest possible care. However, the provider of this website assumes no liability for the accuracy and timeliness of the free and publicly accessible editorial content provided. Articles identified by name reflect the opinion of the respective author and not necessarily the opinion of the provider. Simply accessing the free and publicly accessible content does not establish any contractual relationship between the user and the provider, as the provider has no intention of entering into a legally binding agreement. As a service provider, we are only responsible for our own content on this site and are not obligated to monitor transmitted or stored third-party content, particularly during transmission, or to investigate circumstances that might indicate illegality. Obligations to remove or block the use of information under general law remain unaffected. However, liability in this respect is only possible from the point at which we become aware of a specific legal violation. Upon becoming aware of such legal violations, we will remove the relevant content immediately.<\/p>\n\t\t\t\t\t\n\t\t\t\t\t<h2 class=\"wp-block-heading\">Liability for links<\/h2>\n\t\t\t\t\t<p>This website contains links to third-party websites (\u201cexternal links\u201d). These websites are the responsibility of their respective operators. When initially linking to these external sites, the provider checked their content for legal violations. However, the provider has no influence on the future content of the linked pages. The inclusion of external links does not imply that the provider endorses the content behind the link. The provider cannot reasonably be expected to continuously monitor external links without specific indications of legal violations. However, upon becoming aware of any legal violations, such external links will be removed immediately.<\/p>\n\t\t\t\t\t\n\t\t\t\t\t<h2 class=\"wp-block-heading\">Copyright and related rights<\/h2>\n\t\t\t\t\t<p>The content published on this website is subject to German copyright and ancillary copyright law. Any use not permitted under German copyright and ancillary copyright law requires the prior written consent of the provider or respective rights holder. This applies in particular to the reproduction, editing, translation, storage, processing, or transmission of content in databases or other electronic media and systems. Third-party content and rights are identified as such. The unauthorized reproduction or distribution of individual pieces of content or entire pages is prohibited and punishable by law. Only the creation of copies and downloads for personal, private, and non-commercial use is permitted.<\/p>\n\t\t\t\t\t<p>Displaying this website in external frames is only permitted with written permission.<\/p>\n\t\t\t\t\t\n\t\t\t\t\t<h2 class=\"wp-block-heading\">Special Terms of Use<\/h2>\n\t\t\t\t\t<p>Where special conditions for individual uses of this website deviate from the aforementioned paragraphs, this will be expressly indicated at the relevant point. In such cases, the special terms of use apply in each individual case.<\/p>\n\t\t\t\t\t<h2 class=\"wp-block-heading\">Further image sources<\/h2>\n\t\t\t\t\t<p>Unless otherwise indicated, all other images used are subject to the copyright of the website administrator or a free license. Any additional image sources are listed below. Copyright information is stored in the image metadata.<\/p>\n\t\t\t\t\t<ul class=\"wp-block-list enym-list\">\n\t\t\t\t\t<li>Depositphotos<\/li>\n\t\t\t\t\t<li>Unsplash<\/li>\n\t\t\t\t\t<li>Pexels<\/li>\n\t\t\t\t\t<li>Freepik<\/li>\n\t\t\t\t\t<\/ul><h2 class=\"wp-block-heading\">Technical implementation<\/h2>\n\t\t\t\t\t<p><a href=\"https:\/\/www.enym.com\/\" target=\"_blank\" rel=\"noreferrer noopener\">enym \u2013 media literacy<\/a>&nbsp;\/ Konstantin Schultes<\/p><div class=\"enym-abstract last-update\"><strong>This data record was last checked on: October 24, 2025<\/strong><\/div>","protected":false},"excerpt":{"rendered":"Angaben gem\u00e4\u00df \u00a7 5 DDG: Haftung f\u00fcr Inhalte Die kostenlosen und frei zug\u00e4nglichen Inhalte dieser Webseite wurden mit gr\u00f6\u00dftm\u00f6glicher Sorgfalt erstellt. Der Anbieter dieser Webseite \u00fcbernimmt jedoch keine Gew\u00e4hr f\u00fcr die Richtigkeit und Aktualit\u00e4t der bereitgestellten kostenlosen und frei zug\u00e4nglichen redaktionellen Inhalte. Namentlich gekennzeichnete Beitr\u00e4ge geben die Meinung des jeweiligen Autors und nicht immer die&hellip;","protected":false},"author":1,"featured_media":20,"parent":0,"menu_order":0,"comment_status":"close","ping_status":"close","template":"","meta":{"_seopress_robots_primary_cat":"","_seopress_titles_title":"","_seopress_titles_desc":"","_seopress_robots_index":"","footnotes":""},"class_list":["post-5","page","type-page","status-publish","has-post-thumbnail","hentry","entry","has-media"],"_links":{"self":[{"href":"https:\/\/www.schueberl-consulting.com\/en\/wp-json\/wp\/v2\/pages\/5","targetHints":{"allow":["GET"]}}],"collection":[{"href":"https:\/\/www.schueberl-consulting.com\/en\/wp-json\/wp\/v2\/pages"}],"about":[{"href":"https:\/\/www.schueberl-consulting.com\/en\/wp-json\/wp\/v2\/types\/page"}],"author":[{"embeddable":true,"href":"https:\/\/www.schueberl-consulting.com\/en\/wp-json\/wp\/v2\/users\/1"}],"replies":[{"embeddable":true,"href":"https:\/\/www.schueberl-consulting.com\/en\/wp-json\/wp\/v2\/comments?post=5"}],"version-history":[{"count":0,"href":"https:\/\/www.schueberl-consulting.com\/en\/wp-json\/wp\/v2\/pages\/5\/revisions"}],"wp:featuredmedia":[{"embeddable":true,"href":"https:\/\/www.schueberl-consulting.com\/en\/wp-json\/wp\/v2\/media\/20"}],"wp:attachment":[{"href":"https:\/\/www.schueberl-consulting.com\/en\/wp-json\/wp\/v2\/media?parent=5"}],"curies":[{"name":"wp","href":"https:\/\/api.w.org\/{rel}","templated":true}]}}