{"id":52,"date":"2025-10-18T06:52:36","date_gmt":"2025-10-18T04:52:36","guid":{"rendered":"https:\/\/kappa.enymserver.de\/?page_id=52"},"modified":"2025-10-28T11:32:57","modified_gmt":"2025-10-28T10:32:57","slug":"kontakt","status":"publish","type":"page","link":"https:\/\/www.schueberl-consulting.com\/en\/kontakt\/","title":{"rendered":"contact"},"content":{"rendered":"<div class=\"wpb-content-wrapper\"><div class=\"vc_row wpb_row vc_row-fluid intro wpex-relative\"><div class=\"wpb_column vc_column_container vc_col-sm-12\"><div class=\"vc_column-inner\"><div class=\"wpb_wrapper\"><h1 class=\"vcex-heading vcex-heading-plain vcex-module wpex-heading wpex-text-2xl wpex-h1\"><span class=\"vcex-heading-inner wpex-inline-block\">Getting into a conversation quickly<\/span><\/h1><div class=\"vc_row wpb_row vc_inner vc_row-fluid pl-default fix-lr-padding-mobile wpex-relative wpex-vc_row-col-mb-0\"><div class=\"wpb_column vc_column_container vc_col-sm-8\"><div class=\"vc_column-inner\"><div class=\"wpb_wrapper\">\n\t<div style=\"font-size:1.3em;\" class=\"wpb_text_column wpb_content_element\" >\n\t\t<div class=\"wpb_wrapper\">\n\t\t\t<p>Whether you have questions, ideas, or want to take the first step towards a collaboration \u2013 we look forward to hearing from you. We prefer to be available to answer your questions and provide information personally.<\/p>\n<p><strong>Call us: <br class=\"mobile-only\" \/><a href=\"tel:00491622105100\">+49 (0) 162 210 51 00<\/a><\/strong><br \/>\n<strong>or write to us using the contact form.<\/strong><\/p>\n\n\t\t<\/div>\n\t<\/div>\n<\/div><\/div><\/div><div class=\"wpb_column vc_column_container vc_col-sm-4\"><div class=\"vc_column-inner\"><div class=\"wpb_wrapper\"><\/div><\/div><\/div><\/div><\/div><\/div><\/div><\/div><div class=\"vc_row wpb_row vc_row-fluid pb-pt-default-half wpex-vc-full-width-row wpex-vc-full-width-row--centered wpex-relative wpex-vc_row-has-fill wpex-vc_row-col-mb-0 wpex-vc_row-mx-0\" style=\"background-color:var(--wpex-palette-74-color)!important;\"><div class=\"wpb_column vc_column_container vc_col-sm-12\"><div class=\"vc_column-inner\"><div class=\"wpb_wrapper\"><div class=\"vcex-shortcode wpex-clr pl-default fix-lr-padding-mobile form-wrap\"><form id=\"forminator-module-509\" class=\"forminator-custom-form forminator-custom-form-509\" method=\"post\" data-forminator-render=\"0\" data-uid=\"69dc2969def7d\" action=\"\"><div role=\"alert\" aria-live=\"polite\" class=\"forminator-response-message forminator-error\" aria-hidden=\"true\"><\/div><input type=\"hidden\" name=\"trp-form-language\" value=\"en\"\/><\/form><\/div><\/div><\/div><\/div><\/div>\n<\/div>","protected":false},"excerpt":{"rendered":"Schnell ins Gespr\u00e4ch kommen Ob Fragen, Ideen oder der erste Schritt zu einer Zusammenarbeit \u2013 wir freuen uns, von Ihnen zu h\u00f6ren. F\u00fcr Fragen und Informationen stehen wir Ihnen am liebsten pers\u00f6nlich zur Verf\u00fcgung. Rufen Sie uns an: +49 (0) 162 210 51 00 oder schreiben Sie uns \u00fcber das Kontakt-Formular.","protected":false},"author":1,"featured_media":11,"parent":0,"menu_order":0,"comment_status":"closed","ping_status":"closed","template":"","meta":{"_seopress_robots_primary_cat":"","_seopress_titles_title":"","_seopress_titles_desc":"","_seopress_robots_index":"","footnotes":""},"class_list":["post-52","page","type-page","status-publish","has-post-thumbnail","hentry","entry","has-media"],"_links":{"self":[{"href":"https:\/\/www.schueberl-consulting.com\/en\/wp-json\/wp\/v2\/pages\/52","targetHints":{"allow":["GET"]}}],"collection":[{"href":"https:\/\/www.schueberl-consulting.com\/en\/wp-json\/wp\/v2\/pages"}],"about":[{"href":"https:\/\/www.schueberl-consulting.com\/en\/wp-json\/wp\/v2\/types\/page"}],"author":[{"embeddable":true,"href":"https:\/\/www.schueberl-consulting.com\/en\/wp-json\/wp\/v2\/users\/1"}],"replies":[{"embeddable":true,"href":"https:\/\/www.schueberl-consulting.com\/en\/wp-json\/wp\/v2\/comments?post=52"}],"version-history":[{"count":0,"href":"https:\/\/www.schueberl-consulting.com\/en\/wp-json\/wp\/v2\/pages\/52\/revisions"}],"wp:featuredmedia":[{"embeddable":true,"href":"https:\/\/www.schueberl-consulting.com\/en\/wp-json\/wp\/v2\/media\/11"}],"wp:attachment":[{"href":"https:\/\/www.schueberl-consulting.com\/en\/wp-json\/wp\/v2\/media?parent=52"}],"curies":[{"name":"wp","href":"https:\/\/api.w.org\/{rel}","templated":true}]}}