{"id":7,"date":"2025-10-17T21:29:33","date_gmt":"2025-10-17T19:29:33","guid":{"rendered":"https:\/\/kappa.enymserver.de\/?page_id=7"},"modified":"2025-11-04T00:34:32","modified_gmt":"2025-11-03T23:34:32","slug":"cookies","status":"publish","type":"page","link":"https:\/\/www.schueberl-consulting.com\/en\/cookies\/","title":{"rendered":"Cookies"},"content":{"rendered":"<p>For questions or comments regarding our cookie policy and this statement, please contact the responsible entity pursuant to Article 4(7) of the EU General Data Protection Regulation (GDPR) using the contact details in our [link to privacy policy]. <a href=\"\/en\/impressum\/\">Imprint<\/a>.<\/p>\n\t\t\t\t\t\n\t\t\t\t\t<p><em>This cookie policy applies to citizens and persons with permanent residence in the European Economic Area and Switzerland. To ensure its current functionality, this cookie policy has been updated using the cookie database. <a href=\"https:\/\/cookiedatabase.org\/\">cookiedatabase.org<\/a> matched.<\/em><\/p>\n\t\t\t\t\t\n\t\t\t\t\t<p>Our website uses cookies and similar technologies (for simplicity, all of these are referred to as &quot;cookies&quot;). Cookies are also placed by third parties commissioned by us. The document below informs you about the use of cookies on our website.<\/p>\n\t\t\t\t\t<p class=\"enym-abstract\"><strong>Summary: We don&#039;t like cookies, and just like you, we don&#039;t like cookie banners either. That&#039;s why we&#039;re constantly working to make our website as cookie-free as possible. With the exception of the firewall, login, and form functions, we&#039;ve largely achieved this. In some cases, even our tracking, which is already anonymized, works entirely without the use of cookies.<\/strong><\/p>\n\n\t\t\t\t\t<h2 class=\"wp-block-heading\">Scripts<\/h2>\n\t\t\t\t\t<p>A script is a piece of program code that enables our website to function properly and interactively. This code is executed on our server or on your device. Scripts may need to set cookies to function correctly.<\/p>\n\n\t\t\t\t\t<h2 class=\"wp-block-heading\">Web Beacon<\/h2>\n\t\t\t\t\t<p>A web beacon (also called a pixel tag) is a small, invisible piece of text or image on a website used to monitor website traffic. To enable this, various data about you is collected and stored via web beacons. Web beacons are used, for example, to measure the performance of an advertising campaign.<\/p>\n\n\t\t\t\t\t<h2 class=\"wp-block-heading\">Cookies<\/h2>\n\t\t\t\t\t<p>A cookie is a small, simple text file that is sent along with pages from this website and stored by your browser on the hard drive of your computer or other device. The information stored in it can be returned to our servers or to the servers of the relevant third parties on a subsequent visit. Data protection regulations distinguish between three types of cookies. The cookie banner and this cookie policy inform you about the specific cookies used on this website.<\/p>\n\t\t\t\t\t\n\t\t\t\t\t<ul class=\"wp-block-list enym-list\">\n\t\t\t\t\t<li><h3 class=\"wp-block-heading\">Technically necessary and functional cookies<\/h3>\n\t\t\t\t\t<p>Some cookies ensure that certain parts of the website function correctly and that your user preferences are remembered. By setting functional cookies, we make it easier for you to visit our website. This way, you don&#039;t have to repeatedly enter the same information when visiting our website; for example, items remain in your shopping cart until you have paid. We can place these cookies without your consent.<\/p><\/li>\n\t\t\t\t\t<li><h3 class=\"wp-block-heading\">Analytical cookies<\/h3>\n\t\t\t\t\t<p>We use analytics cookies to optimize the website experience for our users. These cookies provide us with insights into how our website is used. We ask for your permission to set analytical cookies.<\/p><\/li>\n\t\t\t\t\t<li><h3 class=\"wp-block-heading\">Marketing \/ tracking cookies<\/h3>\n\t\t\t\t\t<p>Marketing\/tracking cookies are cookies or other forms of local storage used to create user profiles in order to display advertisements or to track the user on websites or across multiple websites for similar marketing purposes.<\/p><\/li>\n\t\t\t\t\t<\/ul>\n\n\t\t\t\t\t<h2 class=\"wp-block-heading\">approval<\/h2>\n\t\t\t\t\t<p>When you visit our website for the first time, we will show you a cookie banner with an option to consent to cookies. Once you click &quot;Accept,&quot; you agree that we may use the categories of cookies named in the request.<\/p>\n\t\t\t\t\t<p>You can adjust your consent at any time. To do so, simply click on the switch icon, which is displayed at the bottom left of the browser window on every page.<\/p>\n\t\t\t\t\t<p>You can also generally disable the use of cookies via your browser, but please note that this and other websites may then no longer function correctly.<\/p>\n\n\t\t\t\t\t<h2 class=\"wp-block-heading\">Deleting cookies<\/h2>\n\t\t\t\t\t<p>You can use your internet browser to delete cookies automatically or manually. You can also configure your browser to prevent certain cookies from being placed altogether. Another option is to change your internet browser settings so that you receive a notification each time a cookie is set. For more information on these options, please refer to the help section of your browser.<\/p>\n\t\t\t\t\t<p>Please note that our website may not function correctly if all cookies are disabled. If you delete the cookies in your browser, they will be placed again after you give your consent when you revisit our websites.<\/p>\n\t\t\t\t\t\n\t\t\t\t\t<h2>Core Services<\/h2><h3 class=\"wp-block-heading\">WordPress<\/h3>\n\t\t\t\t\t<p>We use WordPress as the Content Management System (CMS) for operating this website. <a href=\"https:\/\/cookiedatabase.org\/service\/wordpress\/\">Read more<\/a>. For further information, please see the <a target=\"_blank\" rel=\"noreferrer noopener\" href=\"https:\/\/de.wordpress.org\/about\/privacy\/\">WordPress Privacy Policy<\/a>&nbsp;Read. This data will not be shared with third parties.<\/p>\n\t\t\t\t\t<p><strong>Functional<\/strong><\/p>\n\t\t\t\t\t<figure class=\"wp-block-table\"><table class=\"has-fixed-layout\"><tbody>\n\t\t\t\t\t<tr><td>name<\/td><td>Expiry date<\/td><td>function<\/td><\/tr>\n\t\t\t\t\t<tr><td><a href=\"https:\/\/cookiedatabase.org\/cookie\/wordpress\/wordpress_logged_in_\/\" target=\"_blank\" rel=\"noreferrer noopener\">wordpress_logged_in_*<\/a><\/td><td>session<\/td><td>Saves login session<\/td><\/tr>\n\t\t\t\t\t<tr><td><a href=\"https:\/\/cookiedatabase.org\/cookie\/wordpress\/wordpress_test_cookie\/\" target=\"_blank\" rel=\"noreferrer noopener\">wordpress_test_cookie<\/a><\/td><td>session<\/td><td>Checks if cookies can be set<\/td><\/tr>\n\t\t\t\t\t<tr><td><a href=\"https:\/\/cookiedatabase.org\/cookie\/wordpress\/wordpress_sec_\/\" target=\"_blank\" rel=\"noreferrer noopener\">wordpress_sec_*<\/a><\/td><td>15 days<\/td><td>Protection against hackers<\/td><\/tr>\n\t\t\t\t\t<tr><td><a href=\"https:\/\/cookiedatabase.org\/cookie\/wordpress\/wpemojisettingssupports\/\" target=\"_blank\" rel=\"noreferrer noopener\">wpEmojiSettingsSupports<\/a><\/td><td>session<\/td><td>Saves browser details<\/td><\/tr>\n\t\t\t\t\t<tr><td><a href=\"https:\/\/cookiedatabase.org\/cookie\/wordpress\/wp_lang\/\" target=\"_blank\" rel=\"noreferrer noopener\">wp_lang<\/a><\/td><td>session<\/td><td>Saves language version<\/td><\/tr>\n\t\t\t\t\t<tr><td><a href=\"https:\/\/cookiedatabase.org\/cookie\/wordpress\/wp_data_user_1\/\" target=\"_blank\" rel=\"noreferrer noopener\">WP_DATA_USER_1<\/a><\/td><td>session<\/td><td>Saves admin settings<\/td><\/tr>\n\t\t\t\t\t<tr><td><a href=\"https:\/\/cookiedatabase.org\/cookie\/wordpress\/comment_author_email_\/\" target=\"_blank\" rel=\"noreferrer noopener\">comment_author_email_*<\/a><\/td><td>1 year<\/td><td>Saves comment email<\/td><\/tr>\n\t\t\t\t\t<tr><td><a href=\"https:\/\/cookiedatabase.org\/cookie\/wordpress\/comment_author_url_\/\" target=\"_blank\" rel=\"noreferrer noopener\">comment_author_url_*<\/a><\/td><td>1 year<\/td><td>Saves comment URL<\/td><\/tr>\n\t\t\t\t\t<tr><td><a href=\"https:\/\/cookiedatabase.org\/cookie\/wordpress\/comment_author_\/\" target=\"_blank\" rel=\"noreferrer noopener\">comment_author_*<\/a><\/td><td>1 year<\/td><td>Saves comment name<\/td><\/tr>\n\t\t\t\t\t<\/tbody><\/table><\/figure><h3 class=\"wp-block-heading\">Plesk<\/h3>\n\t\t\t\t\t<p>We use Plesk to administer our server services. <a target=\"_blank\" rel=\"noreferrer noopener\" href=\"https:\/\/cookiedatabase.org\/service\/plesk\/\">Read more<\/a>. For further information, please see the <a href=\"https:\/\/www.plesk.com\/legal\/#privacy-policy\/\" target=\"_blank\" rel=\"noreferrer noopener\">Plesk Privacy Policy<\/a> read.<\/p><h3 class=\"wp-block-heading\">Backup (WPVivid)<\/h3>\n\t\t\t\t\t<p>We use WPVivid to back up our website data.<\/p><h2>Tracking<\/h2><h3 class=\"wp-block-heading\">Matomo<\/h3>\n\t\t\t\t\t<p>We use Matomo for anonymous visitor tracking. <a href=\"https:\/\/cookiedatabase.org\/service\/matomo\/\">Read more<\/a>. For further information, please see the <a target=\"_blank\" rel=\"noreferrer noopener\" href=\"https:\/\/matomo.org\/privacy-policy\/\">Matomo Privacy Policy<\/a>&nbsp;read.<\/p>\n\t\t\t\t\t<p><strong>Marketing\/Tracking<\/strong><\/p>\n\t\t\t\t\t<figure class=\"wp-block-table\"><table class=\"has-fixed-layout\"><tbody>\n\t\t\t\t\t<tr><td>name<\/td><td>Expiry date<\/td><td>function<\/td><\/tr>\n\t\t\t\t\t<tr><td><a href=\"https:\/\/cookiedatabase.org\/cookie\/matomo\/_pk_ses\/\" target=\"_blank\" rel=\"noreferrer noopener\">_pk_ses*<\/a><\/td><td>session<\/td><td>Visitor behavior<\/td><\/tr>\n\t\t\t\t\t<tr><td><a href=\"https:\/\/cookiedatabase.org\/cookie\/matomo\/_pk_id\/\" target=\"_blank\" rel=\"noreferrer noopener\">_pk_id*<\/a><\/td><td>13 months<\/td><td>Anonymous visitor ID<\/td><\/tr>\n\t\t\t\t\t<\/tbody><\/table><\/figure><h2>Plugins<\/h2><h3 class=\"wp-block-heading\">Contact form (Forminator)<\/h3>\n\t\t\t\t\t<p>We use Forminator for our contact forms.<\/p><h3 class=\"wp-block-heading\">Spam protection (hCaptcha)<\/h3>\n\t\t\t\t\t<p>We use hCaptcha to protect our forms.<\/p><h2>Social Media<\/h2><div class=\"enym-abstract last-update\"><strong>This data record was last checked on: November 4, 2025<\/strong><\/div>","protected":false},"excerpt":{"rendered":"F\u00fcr Fragen oder Kommentaren zu unserer Cookie-Richtlinie und dieser Erkl\u00e4rung kontaktieren Sie die gem. Art. 4 Abs. 7 EU-Datenschutz-Grundverordnung (DS-GVO) verantwortliche Instanz bitte \u00fcber die Kontaktdaten in unserem Impressum. Diese Cookie-Richtlinie gilt f\u00fcr B\u00fcrger und Personen mit st\u00e4ndigem Wohnsitz im Europ\u00e4ischen Wirtschaftsraum und der Schweiz. Um aktuelle Funktionsweisen zu erhalten, wurde diese Cookie-Richtlinie mit der&hellip;","protected":false},"author":1,"featured_media":21,"parent":0,"menu_order":0,"comment_status":"close","ping_status":"close","template":"","meta":{"_seopress_robots_primary_cat":"","_seopress_titles_title":"","_seopress_titles_desc":"","_seopress_robots_index":"","footnotes":""},"class_list":["post-7","page","type-page","status-publish","has-post-thumbnail","hentry","entry","has-media"],"_links":{"self":[{"href":"https:\/\/www.schueberl-consulting.com\/en\/wp-json\/wp\/v2\/pages\/7","targetHints":{"allow":["GET"]}}],"collection":[{"href":"https:\/\/www.schueberl-consulting.com\/en\/wp-json\/wp\/v2\/pages"}],"about":[{"href":"https:\/\/www.schueberl-consulting.com\/en\/wp-json\/wp\/v2\/types\/page"}],"author":[{"embeddable":true,"href":"https:\/\/www.schueberl-consulting.com\/en\/wp-json\/wp\/v2\/users\/1"}],"replies":[{"embeddable":true,"href":"https:\/\/www.schueberl-consulting.com\/en\/wp-json\/wp\/v2\/comments?post=7"}],"version-history":[{"count":0,"href":"https:\/\/www.schueberl-consulting.com\/en\/wp-json\/wp\/v2\/pages\/7\/revisions"}],"wp:featuredmedia":[{"embeddable":true,"href":"https:\/\/www.schueberl-consulting.com\/en\/wp-json\/wp\/v2\/media\/21"}],"wp:attachment":[{"href":"https:\/\/www.schueberl-consulting.com\/en\/wp-json\/wp\/v2\/media?parent=7"}],"curies":[{"name":"wp","href":"https:\/\/api.w.org\/{rel}","templated":true}]}}